{"id":820,"date":"2016-12-28T21:23:46","date_gmt":"2016-12-28T21:23:46","guid":{"rendered":"http:\/\/ponlevinil.com\/tienda\/producto\/hora-de-cafe\/"},"modified":"2021-03-29T12:21:13","modified_gmt":"2021-03-29T18:21:13","slug":"hora-de-cafe","status":"publish","type":"product","link":"https:\/\/ponlevinil.com\/tienda\/producto\/hora-de-cafe\/","title":{"rendered":"Hora de caf\u00e9"},"content":{"rendered":"<h2>Vinil Decorativo para muros &#8220;Hora de caf\u00e9&#8221;<\/h2>\n<p>&nbsp;<\/p>\n<h4>Impresi\u00f3n en vinil mate sistema Latex 1440dpi, Suajada (no tiene fondo).<\/h4>\n<p>Ideal para aplicarse en superficies lisas y libres de polvo como: Muros, puertas ventanas, muebles, metal, cristal, madera, pl\u00e1stico, etc. (se recomiendan superficies lisas, sin textura, polvo o grasa, si esta reci\u00e9n pintada esperar al menos 4 d\u00edas a que seque completamente)<\/p>\n<h4><span style=\"color: #ff6600;\">Notas:<\/span><\/h4>\n<p style=\"padding-left: 30px;\">\u2022 Los viniles se env\u00edan en forma separada, es decir tu armas la &#8220;escena&#8221; como te guste o dependiendo el espacio que tengas disponible.<\/p>\n<p style=\"padding-left: 30px;\">\u2022 Los viniles se imprimen \/ suajan al momento del pedido, esto puede tardar entre 2 y 3 d\u00edas como m\u00e1ximo, dependiendo la complejidad de tu proyecto.<\/p>\n<p style=\"padding-left: 30px;\">\u2022 Todos los viniles incluyen una gu\u00eda y pleca de instalaci\u00f3n, ademas puedes visitar nuestro canal de Youtube y aprender a instalarlo de manera m\u00e1s sencilla.<\/p>\n<p style=\"padding-left: 30px;\">\u2022 Si requieres instalaci\u00f3n comun\u00edcate con nosotros, una persona capacitada te visitar\u00e1 e instalara tu vinil.<\/p>\n<p>&nbsp;<\/p>\n<h4><span style=\"color: #ff6600;\">Medidas:<\/span><\/h4>\n<p style=\"padding-left: 30px;\">\u2022 Los viniles est\u00e1n impresos en pliegos con las siguientes medidas:<br \/>\n(si necesitas una medida especial comun\u00edcate con nosotros)<\/p>\n<p><img decoding=\"async\" loading=\"lazy\" class=\"alignnone size-full wp-image-2206\" src=\"http:\/\/ponlevinil.com\/tienda\/wp-content\/uploads\/2021\/02\/tamanios2020.png\" alt=\"\" width=\"948\" height=\"533\" srcset=\"https:\/\/ponlevinil.com\/tienda\/wp-content\/uploads\/2021\/02\/tamanios2020.png 948w, https:\/\/ponlevinil.com\/tienda\/wp-content\/uploads\/2021\/02\/tamanios2020-300x169.png 300w, https:\/\/ponlevinil.com\/tienda\/wp-content\/uploads\/2021\/02\/tamanios2020-768x432.png 768w, https:\/\/ponlevinil.com\/tienda\/wp-content\/uploads\/2021\/02\/tamanios2020-600x337.png 600w\" sizes=\"(max-width: 948px) 100vw, 948px\" \/><\/p>\n<p>&nbsp;<\/p>\n<p>&nbsp;<\/p>\n<p>&nbsp;<\/p>\n<p>&nbsp;<\/p>\n<p><img decoding=\"async\" loading=\"lazy\" class=\"aligncenter size-full wp-image-123\" src=\"http:\/\/ponlevinil.com\/tienda\/wp-content\/uploads\/2016\/12\/pleca-viniles.jpg\" alt=\"\" width=\"970\" height=\"108\" srcset=\"https:\/\/ponlevinil.com\/tienda\/wp-content\/uploads\/2016\/12\/pleca-viniles.jpg 970w, https:\/\/ponlevinil.com\/tienda\/wp-content\/uploads\/2016\/12\/pleca-viniles-600x67.jpg 600w, https:\/\/ponlevinil.com\/tienda\/wp-content\/uploads\/2016\/12\/pleca-viniles-300x33.jpg 300w, https:\/\/ponlevinil.com\/tienda\/wp-content\/uploads\/2016\/12\/pleca-viniles-768x86.jpg 768w\" sizes=\"(max-width: 970px) 100vw, 970px\" \/><\/p>\n","protected":false},"excerpt":{"rendered":"<p>Vinil decorativo\u00a0para muros<\/p>\n","protected":false},"featured_media":826,"template":"","meta":[],"product_cat":[6],"product_tag":[177,149,141,14,161],"_links":{"self":[{"href":"https:\/\/ponlevinil.com\/tienda\/wp-json\/wp\/v2\/product\/820"}],"collection":[{"href":"https:\/\/ponlevinil.com\/tienda\/wp-json\/wp\/v2\/product"}],"about":[{"href":"https:\/\/ponlevinil.com\/tienda\/wp-json\/wp\/v2\/types\/product"}],"version-history":[{"count":1,"href":"https:\/\/ponlevinil.com\/tienda\/wp-json\/wp\/v2\/product\/820\/revisions"}],"predecessor-version":[{"id":2328,"href":"https:\/\/ponlevinil.com\/tienda\/wp-json\/wp\/v2\/product\/820\/revisions\/2328"}],"wp:featuredmedia":[{"embeddable":true,"href":"https:\/\/ponlevinil.com\/tienda\/wp-json\/wp\/v2\/media\/826"}],"wp:attachment":[{"href":"https:\/\/ponlevinil.com\/tienda\/wp-json\/wp\/v2\/media?parent=820"}],"wp:term":[{"taxonomy":"product_cat","embeddable":true,"href":"https:\/\/ponlevinil.com\/tienda\/wp-json\/wp\/v2\/product_cat?post=820"},{"taxonomy":"product_tag","embeddable":true,"href":"https:\/\/ponlevinil.com\/tienda\/wp-json\/wp\/v2\/product_tag?post=820"}],"curies":[{"name":"wp","href":"https:\/\/api.w.org\/{rel}","templated":true}]}}